{"id":151,"date":"2021-10-18T21:53:46","date_gmt":"2021-10-19T00:53:46","guid":{"rendered":"http:\/\/localhost\/interbion\/?page_id=151"},"modified":"2024-10-31T21:24:26","modified_gmt":"2024-11-01T00:24:26","slug":"novedades","status":"publish","type":"page","link":"https:\/\/interbion.com.ar\/web\/novedades\/","title":{"rendered":"Novedades"},"content":{"rendered":"","protected":false},"excerpt":{"rendered":"","protected":false},"author":1,"featured_media":0,"parent":0,"menu_order":0,"comment_status":"closed","ping_status":"closed","template":"","meta":{"_acf_changed":false,"footnotes":""},"class_list":["post-151","page","type-page","status-publish","hentry","entry"],"acf":[],"yoast_head":"<!-- This site is optimized with the Yoast SEO plugin v23.2 - https:\/\/yoast.com\/wordpress\/plugins\/seo\/ -->\n<title>Novedades - Interbion | Tecnolog\u00eda y maquinaria para la Industria Alimentaria<\/title>\n<meta name=\"description\" content=\"Enterate de las \u00faltimas novedades sobre nuestra empresa, eventos y tecnolog\u00eda para la industria alimentaria.\" \/>\n<meta name=\"robots\" content=\"index, follow, max-snippet:-1, max-image-preview:large, max-video-preview:-1\" \/>\n<link rel=\"canonical\" href=\"https:\/\/interbion.com.ar\/web\/novedades\/\" \/>\n<meta property=\"og:locale\" content=\"es_ES\" \/>\n<meta property=\"og:type\" content=\"article\" \/>\n<meta property=\"og:title\" content=\"Novedades - Interbion | Tecnolog\u00eda y maquinaria para la Industria Alimentaria\" \/>\n<meta property=\"og:description\" content=\"Enterate de las \u00faltimas novedades sobre nuestra empresa, eventos y tecnolog\u00eda para la industria alimentaria.\" \/>\n<meta property=\"og:url\" content=\"https:\/\/interbion.com.ar\/web\/novedades\/\" \/>\n<meta property=\"og:site_name\" content=\"Interbion\" \/>\n<meta property=\"article:publisher\" content=\"https:\/\/www.facebook.com\/Interbion-srl-165806566907686\" \/>\n<meta property=\"article:modified_time\" content=\"2024-11-01T00:24:26+00:00\" \/>\n<meta property=\"og:image\" content=\"https:\/\/interbion.com.ar\/web\/wp-content\/uploads\/2024\/08\/portada_home.png\" \/>\n\t<meta property=\"og:image:width\" content=\"1920\" \/>\n\t<meta property=\"og:image:height\" content=\"1288\" \/>\n\t<meta property=\"og:image:type\" content=\"image\/png\" \/>\n<meta name=\"twitter:card\" content=\"summary_large_image\" \/>\n<script type=\"application\/ld+json\" class=\"yoast-schema-graph\">{\"@context\":\"https:\/\/schema.org\",\"@graph\":[{\"@type\":\"WebPage\",\"@id\":\"https:\/\/interbion.com.ar\/web\/novedades\/\",\"url\":\"https:\/\/interbion.com.ar\/web\/novedades\/\",\"name\":\"Novedades - Interbion | Tecnolog\u00eda y maquinaria para la Industria Alimentaria\",\"isPartOf\":{\"@id\":\"https:\/\/interbion.com.ar\/web\/#website\"},\"datePublished\":\"2021-10-19T00:53:46+00:00\",\"dateModified\":\"2024-11-01T00:24:26+00:00\",\"description\":\"Enterate de las \u00faltimas novedades sobre nuestra empresa, eventos y tecnolog\u00eda para la industria alimentaria.\",\"breadcrumb\":{\"@id\":\"https:\/\/interbion.com.ar\/web\/novedades\/#breadcrumb\"},\"inLanguage\":\"es-AR\",\"potentialAction\":[{\"@type\":\"ReadAction\",\"target\":[\"https:\/\/interbion.com.ar\/web\/novedades\/\"]}]},{\"@type\":\"BreadcrumbList\",\"@id\":\"https:\/\/interbion.com.ar\/web\/novedades\/#breadcrumb\",\"itemListElement\":[{\"@type\":\"ListItem\",\"position\":1,\"name\":\"Inicio\",\"item\":\"https:\/\/interbion.com.ar\/web\/\"},{\"@type\":\"ListItem\",\"position\":2,\"name\":\"Novedades\"}]},{\"@type\":\"WebSite\",\"@id\":\"https:\/\/interbion.com.ar\/web\/#website\",\"url\":\"https:\/\/interbion.com.ar\/web\/\",\"name\":\"Interbion\",\"description\":\"Desde 1986 somos representantes y proveedores de tecnolog\u00eda internacional de vanguardia en la producci\u00f3n de alimentos y su envasado.\",\"alternateName\":\"Interbion - Tecnolog\u00eda de punta para la industria alimentaria\",\"potentialAction\":[{\"@type\":\"SearchAction\",\"target\":{\"@type\":\"EntryPoint\",\"urlTemplate\":\"https:\/\/interbion.com.ar\/web\/?s={search_term_string}\"},\"query-input\":\"required name=search_term_string\"}],\"inLanguage\":\"es-AR\"}]}<\/script>\n<!-- \/ Yoast SEO plugin. -->","yoast_head_json":{"title":"Novedades - Interbion | Tecnolog\u00eda y maquinaria para la Industria Alimentaria","description":"Enterate de las \u00faltimas novedades sobre nuestra empresa, eventos y tecnolog\u00eda para la industria alimentaria.","robots":{"index":"index","follow":"follow","max-snippet":"max-snippet:-1","max-image-preview":"max-image-preview:large","max-video-preview":"max-video-preview:-1"},"canonical":"https:\/\/interbion.com.ar\/web\/novedades\/","og_locale":"es_ES","og_type":"article","og_title":"Novedades - Interbion | Tecnolog\u00eda y maquinaria para la Industria Alimentaria","og_description":"Enterate de las \u00faltimas novedades sobre nuestra empresa, eventos y tecnolog\u00eda para la industria alimentaria.","og_url":"https:\/\/interbion.com.ar\/web\/novedades\/","og_site_name":"Interbion","article_publisher":"https:\/\/www.facebook.com\/Interbion-srl-165806566907686","article_modified_time":"2024-11-01T00:24:26+00:00","og_image":[{"width":1920,"height":1288,"url":"https:\/\/interbion.com.ar\/web\/wp-content\/uploads\/2024\/08\/portada_home.png","type":"image\/png"}],"twitter_card":"summary_large_image","schema":{"@context":"https:\/\/schema.org","@graph":[{"@type":"WebPage","@id":"https:\/\/interbion.com.ar\/web\/novedades\/","url":"https:\/\/interbion.com.ar\/web\/novedades\/","name":"Novedades - Interbion | Tecnolog\u00eda y maquinaria para la Industria Alimentaria","isPartOf":{"@id":"https:\/\/interbion.com.ar\/web\/#website"},"datePublished":"2021-10-19T00:53:46+00:00","dateModified":"2024-11-01T00:24:26+00:00","description":"Enterate de las \u00faltimas novedades sobre nuestra empresa, eventos y tecnolog\u00eda para la industria alimentaria.","breadcrumb":{"@id":"https:\/\/interbion.com.ar\/web\/novedades\/#breadcrumb"},"inLanguage":"es-AR","potentialAction":[{"@type":"ReadAction","target":["https:\/\/interbion.com.ar\/web\/novedades\/"]}]},{"@type":"BreadcrumbList","@id":"https:\/\/interbion.com.ar\/web\/novedades\/#breadcrumb","itemListElement":[{"@type":"ListItem","position":1,"name":"Inicio","item":"https:\/\/interbion.com.ar\/web\/"},{"@type":"ListItem","position":2,"name":"Novedades"}]},{"@type":"WebSite","@id":"https:\/\/interbion.com.ar\/web\/#website","url":"https:\/\/interbion.com.ar\/web\/","name":"Interbion","description":"Desde 1986 somos representantes y proveedores de tecnolog\u00eda internacional de vanguardia en la producci\u00f3n de alimentos y su envasado.","alternateName":"Interbion - Tecnolog\u00eda de punta para la industria alimentaria","potentialAction":[{"@type":"SearchAction","target":{"@type":"EntryPoint","urlTemplate":"https:\/\/interbion.com.ar\/web\/?s={search_term_string}"},"query-input":"required name=search_term_string"}],"inLanguage":"es-AR"}]}},"_links":{"self":[{"href":"https:\/\/interbion.com.ar\/web\/wp-json\/wp\/v2\/pages\/151","targetHints":{"allow":["GET"]}}],"collection":[{"href":"https:\/\/interbion.com.ar\/web\/wp-json\/wp\/v2\/pages"}],"about":[{"href":"https:\/\/interbion.com.ar\/web\/wp-json\/wp\/v2\/types\/page"}],"author":[{"embeddable":true,"href":"https:\/\/interbion.com.ar\/web\/wp-json\/wp\/v2\/users\/1"}],"replies":[{"embeddable":true,"href":"https:\/\/interbion.com.ar\/web\/wp-json\/wp\/v2\/comments?post=151"}],"version-history":[{"count":3,"href":"https:\/\/interbion.com.ar\/web\/wp-json\/wp\/v2\/pages\/151\/revisions"}],"predecessor-version":[{"id":392,"href":"https:\/\/interbion.com.ar\/web\/wp-json\/wp\/v2\/pages\/151\/revisions\/392"}],"wp:attachment":[{"href":"https:\/\/interbion.com.ar\/web\/wp-json\/wp\/v2\/media?parent=151"}],"curies":[{"name":"wp","href":"https:\/\/api.w.org\/{rel}","templated":true}]}}